{"id":1450,"date":"2021-02-21T20:44:00","date_gmt":"2021-02-21T19:44:00","guid":{"rendered":"https:\/\/www.slotcartechno.com\/?page_id=1450"},"modified":"2021-03-01T18:25:41","modified_gmt":"2021-03-01T17:25:41","slug":"accessoires","status":"publish","type":"page","link":"https:\/\/www.slotcartechno.com\/?page_id=1450","title":{"rendered":"Accessoires"},"content":{"rendered":"\t\t<div data-elementor-type=\"wp-page\" data-elementor-id=\"1450\" class=\"elementor elementor-1450\">\n\t\t\t\t\t\t\t\t\t<section class=\"elementor-section elementor-top-section elementor-element elementor-element-842d813 elementor-section-boxed elementor-section-height-default elementor-section-height-default\" data-id=\"842d813\" data-element_type=\"section\">\n\t\t\t\t\t\t<div class=\"elementor-container elementor-column-gap-default\">\n\t\t\t\t\t<div class=\"elementor-column elementor-col-100 elementor-top-column elementor-element elementor-element-e0672e2\" data-id=\"e0672e2\" data-element_type=\"column\">\n\t\t\t<div class=\"elementor-widget-wrap elementor-element-populated\">\n\t\t\t\t\t\t\t\t<div class=\"elementor-element elementor-element-c1d7114 elementor-widget elementor-widget-heading\" data-id=\"c1d7114\" data-element_type=\"widget\" data-widget_type=\"heading.default\">\n\t\t\t\t<div class=\"elementor-widget-container\">\n\t\t\t<h1 class=\"elementor-heading-title elementor-size-default\">LES ACCESSOIRES<\/h1>\t\t<\/div>\n\t\t\t\t<\/div>\n\t\t\t\t<div class=\"elementor-element elementor-element-bd040ce elementor-widget elementor-widget-heading\" data-id=\"bd040ce\" data-element_type=\"widget\" data-widget_type=\"heading.default\">\n\t\t\t\t<div class=\"elementor-widget-container\">\n\t\t\t<h2 class=\"elementor-heading-title elementor-size-default\">COMPL\u00c9TER, REMPLACER OU CUSTIMISER<\/h2>\t\t<\/div>\n\t\t\t\t<\/div>\n\t\t\t\t<div class=\"elementor-element elementor-element-1bd0c07 elementor-widget-divider--view-line elementor-widget elementor-widget-divider\" data-id=\"1bd0c07\" data-element_type=\"widget\" data-widget_type=\"divider.default\">\n\t\t\t\t<div class=\"elementor-widget-container\">\n\t\t\t\t\t<div class=\"elementor-divider\">\n\t\t\t<span class=\"elementor-divider-separator\">\n\t\t\t\t\t\t<\/span>\n\t\t<\/div>\n\t\t\t\t<\/div>\n\t\t\t\t<\/div>\n\t\t\t\t\t<\/div>\n\t\t<\/div>\n\t\t\t\t\t\t\t<\/div>\n\t\t<\/section>\n\t\t\t\t<section class=\"elementor-section elementor-top-section elementor-element elementor-element-3f48fd3 elementor-section-boxed elementor-section-height-default elementor-section-height-default\" data-id=\"3f48fd3\" data-element_type=\"section\">\n\t\t\t\t\t\t<div class=\"elementor-container elementor-column-gap-default\">\n\t\t\t\t\t<div class=\"elementor-column elementor-col-100 elementor-top-column elementor-element elementor-element-7da468b\" data-id=\"7da468b\" data-element_type=\"column\">\n\t\t\t<div class=\"elementor-widget-wrap elementor-element-populated\">\n\t\t\t\t\t\t\t\t<div class=\"elementor-element elementor-element-0950a69 elementor-widget elementor-widget-heading\" data-id=\"0950a69\" data-element_type=\"widget\" data-widget_type=\"heading.default\">\n\t\t\t\t<div class=\"elementor-widget-container\">\n\t\t\t<h2 class=\"elementor-heading-title elementor-size-default\">UNE S\u00c9LECTION DE PRODUITS ADAPT\u00c9S<\/h2>\t\t<\/div>\n\t\t\t\t<\/div>\n\t\t\t\t<div class=\"elementor-element elementor-element-0f639b8 elementor-widget elementor-widget-text-editor\" data-id=\"0f639b8\" data-element_type=\"widget\" data-widget_type=\"text-editor.default\">\n\t\t\t\t<div class=\"elementor-widget-container\">\n\t\t\t\t\t\t\t<p>Pour vous assurer la disponibilit\u00e9 des pi\u00e8ces d\u00e9tach\u00e9es de nos bancs d&#8217;essais, nous vous proposons une s\u00e9lection de produits adapt\u00e9s et certifi\u00e9s pour une utilisation optimale avec votre banc d&#8217;essai.<\/p>\t\t\t\t\t\t<\/div>\n\t\t\t\t<\/div>\n\t\t\t\t<div class=\"elementor-element elementor-element-736d8ef elementor-widget elementor-widget-heading\" data-id=\"736d8ef\" data-element_type=\"widget\" data-widget_type=\"heading.default\">\n\t\t\t\t<div class=\"elementor-widget-container\">\n\t\t\t<h2 class=\"elementor-heading-title elementor-size-default\">PERSONNALISEZ VOTRE BANC<\/h2>\t\t<\/div>\n\t\t\t\t<\/div>\n\t\t\t\t<div class=\"elementor-element elementor-element-e79c988 elementor-widget elementor-widget-text-editor\" data-id=\"e79c988\" data-element_type=\"widget\" data-widget_type=\"text-editor.default\">\n\t\t\t\t<div class=\"elementor-widget-container\">\n\t\t\t\t\t\t\t<p>Envie de personnaliser votre banc d&#8217;essai ? Notre service de pads customis\u00e9s vous permet de choisir couleurs et marquages personnalis\u00e9s pour rendre votre banc unique et personnel !<\/p>\t\t\t\t\t\t<\/div>\n\t\t\t\t<\/div>\n\t\t\t\t<div class=\"elementor-element elementor-element-da5b346 elementor-widget elementor-widget-heading\" data-id=\"da5b346\" data-element_type=\"widget\" data-widget_type=\"heading.default\">\n\t\t\t\t<div class=\"elementor-widget-container\">\n\t\t\t<h1 class=\"elementor-heading-title elementor-size-default\">D\u00c9COUVREZ NOS ACCESSOIRES<\/h1>\t\t<\/div>\n\t\t\t\t<\/div>\n\t\t\t\t<div class=\"elementor-element elementor-element-bd6b004 elementor-widget-divider--view-line elementor-widget elementor-widget-divider\" data-id=\"bd6b004\" data-element_type=\"widget\" data-widget_type=\"divider.default\">\n\t\t\t\t<div class=\"elementor-widget-container\">\n\t\t\t\t\t<div class=\"elementor-divider\">\n\t\t\t<span class=\"elementor-divider-separator\">\n\t\t\t\t\t\t<\/span>\n\t\t<\/div>\n\t\t\t\t<\/div>\n\t\t\t\t<\/div>\n\t\t\t\t<div class=\"elementor-element elementor-element-329d47a elementor-widget elementor-widget-athemes-portfolio\" data-id=\"329d47a\" data-element_type=\"widget\" data-widget_type=\"athemes-portfolio.default\">\n\t\t\t\t<div class=\"elementor-widget-container\">\n\t\t\t\n\t\t<div class=\"project-wrap portfolio-section style1\">\n\n\t\t\t<ul class=\"project-filter\" id=\"filters\">\n\t\t\t\t<li><a href=\"#\" data-filter=\"*\">Show all<\/a><\/li>\n\n\t\t\t\t\n\t\t\t\t\t\t\t\t\t\t\t\t\t\t\t\t\t\t\t\t\t\t\t\t\t\t\t\t\t\t\t\t\t\t\t\t\t\t\t\t\t\t\t\t\t\t\t\t\t\t\t\t\t\t\t\t\t\t\t\t\t\t\t\t\t\t\t\t\t\t\t\t\t\t\t\t\t\t\t\t\t\t\t\t\t\t\t\t\t\t\t\t\t\t\n\t\t\t\t\n\t\t\t\t\t<li><a href='#' data-filter='.\u00c9lectronique'>\u00c9LECTRONIQUE<\/a><\/li>\n\n\t\t\t\t\n\t\t\t\t\t<li><a href='#' data-filter='.customiser'>CUSTOMISER<\/a><\/li>\n\n\t\t\t\t\n\t\t\t\t\t<li><a href='#' data-filter='.m\u00c9canique'>M\u00c9CANIQUE<\/a><\/li>\n\n\t\t\t\t\n\t\t\t<\/ul>\n\n\t\t\t<div class=\"roll-project fullwidth\">\n\t\t\t\t<div class=\"isotope-container\" data-portfolio-effect=\"fadeInUp\">\n\n\t\t\t\t\t\t\t\t                    \n\t\t\t\t<div class=\"project-item item isotope-item \u00c9lectronique\">\n\t\t\t\t\t<div class=\"project-inner\">\n\t\t\t\t\t\t\n\t\t\t\t\t\t\n\t\t\t\t\t\t<a href=\"https:\/\/www.slotcartechno.com\/?page_id=1467\" class=\"project-pop-wrap\" target=\"_blank\" rel=\"nofollow\">\n\t\t\t\t\t\t\t<div class=\"project-pop\"><\/div>\n\t\t\t\t\t\t\t<div class=\"project-title-wrap\">\n\t\t\t\t\t\t\t\t<h3 class=\"project-title\">\n\t\t\t\t\t\t\t\t\t<span>BATTERIE 460mAh<\/span>\n\t\t\t\t\t\t\t\t<\/h3>\n\t\t\t\t\t\t\t<\/div>\t\t\t\t\t\t\t\n\t\t\t\t\t\t<\/a>\n\t\t\t\t\t\t<a href=\"#\">\n\t\t\t\t\t\t\t\t\t\t\t\t\t\t<img decoding=\"async\" src=\"https:\/\/www.slotcartechno.com\/wp-content\/uploads\/2021\/02\/03-batterie_3s.jpg\" alt=\"03-batterie_3s\"\/>\n\t\t\t\t\t\t\t\t\t\t\t\t\t<\/a>\n\t\t\t\t\t<\/div>\n\t\t\t\t<\/div>\n\n\t\t\t\t\t\t\t\t                    \n\t\t\t\t<div class=\"project-item item isotope-item \u00c9lectronique\">\n\t\t\t\t\t<div class=\"project-inner\">\n\t\t\t\t\t\t\n\t\t\t\t\t\t\n\t\t\t\t\t\t<a href=\"https:\/\/www.slotcartechno.com\/?page_id=1505\" class=\"project-pop-wrap\" target=\"_blank\" rel=\"nofollow\">\n\t\t\t\t\t\t\t<div class=\"project-pop\"><\/div>\n\t\t\t\t\t\t\t<div class=\"project-title-wrap\">\n\t\t\t\t\t\t\t\t<h3 class=\"project-title\">\n\t\t\t\t\t\t\t\t\t<span>CHARGEUR BATTERIE<\/span>\n\t\t\t\t\t\t\t\t<\/h3>\n\t\t\t\t\t\t\t<\/div>\t\t\t\t\t\t\t\n\t\t\t\t\t\t<\/a>\n\t\t\t\t\t\t<a href=\"#\">\n\t\t\t\t\t\t\t\t\t\t\t\t\t\t<img decoding=\"async\" src=\"https:\/\/www.slotcartechno.com\/wp-content\/uploads\/2021\/02\/04-charger_3s.jpg\" alt=\"04-charger_3s\"\/>\n\t\t\t\t\t\t\t\t\t\t\t\t\t<\/a>\n\t\t\t\t\t<\/div>\n\t\t\t\t<\/div>\n\n\t\t\t\t\t\t\t\t                    \n\t\t\t\t<div class=\"project-item item isotope-item \u00c9lectronique\">\n\t\t\t\t\t<div class=\"project-inner\">\n\t\t\t\t\t\t\n\t\t\t\t\t\t\n\t\t\t\t\t\t<a href=\"https:\/\/www.slotcartechno.com\/?page_id=1462\" class=\"project-pop-wrap\" target=\"_blank\" rel=\"nofollow\">\n\t\t\t\t\t\t\t<div class=\"project-pop\"><\/div>\n\t\t\t\t\t\t\t<div class=\"project-title-wrap\">\n\t\t\t\t\t\t\t\t<h3 class=\"project-title\">\n\t\t\t\t\t\t\t\t\t<span>ALIMENTATION 5A<\/span>\n\t\t\t\t\t\t\t\t<\/h3>\n\t\t\t\t\t\t\t<\/div>\t\t\t\t\t\t\t\n\t\t\t\t\t\t<\/a>\n\t\t\t\t\t\t<a href=\"#\">\n\t\t\t\t\t\t\t\t\t\t\t\t\t\t<img decoding=\"async\" src=\"https:\/\/www.slotcartechno.com\/wp-content\/uploads\/2021\/02\/01-alim_12v_5a.jpg\" alt=\"01-alim_12v_5a\"\/>\n\t\t\t\t\t\t\t\t\t\t\t\t\t<\/a>\n\t\t\t\t\t<\/div>\n\t\t\t\t<\/div>\n\n\t\t\t\t\t\t\t\t                    \n\t\t\t\t<div class=\"project-item item isotope-item \u00c9lectronique\">\n\t\t\t\t\t<div class=\"project-inner\">\n\t\t\t\t\t\t\n\t\t\t\t\t\t\n\t\t\t\t\t\t<a href=\"https:\/\/www.slotcartechno.com\/?page_id=1455\" class=\"project-pop-wrap\" target=\"_blank\" rel=\"nofollow\">\n\t\t\t\t\t\t\t<div class=\"project-pop\"><\/div>\n\t\t\t\t\t\t\t<div class=\"project-title-wrap\">\n\t\t\t\t\t\t\t\t<h3 class=\"project-title\">\n\t\t\t\t\t\t\t\t\t<span>ALIMENTATION 3A<\/span>\n\t\t\t\t\t\t\t\t<\/h3>\n\t\t\t\t\t\t\t<\/div>\t\t\t\t\t\t\t\n\t\t\t\t\t\t<\/a>\n\t\t\t\t\t\t<a href=\"#\">\n\t\t\t\t\t\t\t\t\t\t\t\t\t\t<img decoding=\"async\" src=\"https:\/\/www.slotcartechno.com\/wp-content\/uploads\/2021\/02\/02-alim_12v_3a.jpg\" alt=\"02-alim_12v_3a\"\/>\n\t\t\t\t\t\t\t\t\t\t\t\t\t<\/a>\n\t\t\t\t\t<\/div>\n\t\t\t\t<\/div>\n\n\t\t\t\t\t\t\t\t                    \n\t\t\t\t<div class=\"project-item item isotope-item \u00c9lectronique\">\n\t\t\t\t\t<div class=\"project-inner\">\n\t\t\t\t\t\t\n\t\t\t\t\t\t\n\t\t\t\t\t\t<a href=\"https:\/\/www.slotcartechno.com\/?page_id=1472\" class=\"project-pop-wrap\" target=\"_blank\" rel=\"nofollow\">\n\t\t\t\t\t\t\t<div class=\"project-pop\"><\/div>\n\t\t\t\t\t\t\t<div class=\"project-title-wrap\">\n\t\t\t\t\t\t\t\t<h3 class=\"project-title\">\n\t\t\t\t\t\t\t\t\t<span>CORDONS CROCO<\/span>\n\t\t\t\t\t\t\t\t<\/h3>\n\t\t\t\t\t\t\t<\/div>\t\t\t\t\t\t\t\n\t\t\t\t\t\t<\/a>\n\t\t\t\t\t\t<a href=\"#\">\n\t\t\t\t\t\t\t\t\t\t\t\t\t\t<img decoding=\"async\" src=\"https:\/\/www.slotcartechno.com\/wp-content\/uploads\/2021\/02\/05-banana_cords.jpg\" alt=\"05-banana_cords\"\/>\n\t\t\t\t\t\t\t\t\t\t\t\t\t<\/a>\n\t\t\t\t\t<\/div>\n\t\t\t\t<\/div>\n\n\t\t\t\t\t\t\t\t                    \n\t\t\t\t<div class=\"project-item item isotope-item customiser\">\n\t\t\t\t\t<div class=\"project-inner\">\n\t\t\t\t\t\t\n\t\t\t\t\t\t\n\t\t\t\t\t\t<a href=\"https:\/\/www.slotcartechno.com\/?page_id=1482\" class=\"project-pop-wrap\" target=\"_blank\" rel=\"nofollow\">\n\t\t\t\t\t\t\t<div class=\"project-pop\"><\/div>\n\t\t\t\t\t\t\t<div class=\"project-title-wrap\">\n\t\t\t\t\t\t\t\t<h3 class=\"project-title\">\n\t\t\t\t\t\t\t\t\t<span>PADS CUSTOMIS\u00c9S<\/span>\n\t\t\t\t\t\t\t\t<\/h3>\n\t\t\t\t\t\t\t<\/div>\t\t\t\t\t\t\t\n\t\t\t\t\t\t<\/a>\n\t\t\t\t\t\t<a href=\"#\">\n\t\t\t\t\t\t\t\t\t\t\t\t\t\t<img decoding=\"async\" src=\"https:\/\/www.slotcartechno.com\/wp-content\/uploads\/2021\/02\/07-pads_custom.jpg\" alt=\"07-pads_custom\"\/>\n\t\t\t\t\t\t\t\t\t\t\t\t\t<\/a>\n\t\t\t\t\t<\/div>\n\t\t\t\t<\/div>\n\n\t\t\t\t\t\t\t\t                    \n\t\t\t\t<div class=\"project-item item isotope-item m\u00c9canique\">\n\t\t\t\t\t<div class=\"project-inner\">\n\t\t\t\t\t\t\n\t\t\t\t\t\t\n\t\t\t\t\t\t<a href=\"https:\/\/www.slotcartechno.com\/?page_id=1477\" class=\"project-pop-wrap\" target=\"_blank\" rel=\"nofollow\">\n\t\t\t\t\t\t\t<div class=\"project-pop\"><\/div>\n\t\t\t\t\t\t\t<div class=\"project-title-wrap\">\n\t\t\t\t\t\t\t\t<h3 class=\"project-title\">\n\t\t\t\t\t\t\t\t\t<span>PADS ORIGINAUX<\/span>\n\t\t\t\t\t\t\t\t<\/h3>\n\t\t\t\t\t\t\t<\/div>\t\t\t\t\t\t\t\n\t\t\t\t\t\t<\/a>\n\t\t\t\t\t\t<a href=\"#\">\n\t\t\t\t\t\t\t\t\t\t\t\t\t\t<img decoding=\"async\" src=\"https:\/\/www.slotcartechno.com\/wp-content\/uploads\/2021\/02\/06-pads_originaux.jpg\" alt=\"06-pads_originaux\"\/>\n\t\t\t\t\t\t\t\t\t\t\t\t\t<\/a>\n\t\t\t\t\t<\/div>\n\t\t\t\t<\/div>\n\n\t\t\t\t\t\t\t\t                    \n\t\t\t\t<div class=\"project-item item isotope-item m\u00c9canique\">\n\t\t\t\t\t<div class=\"project-inner\">\n\t\t\t\t\t\t\n\t\t\t\t\t\t\n\t\t\t\t\t\t<a href=\"https:\/\/www.slotcartechno.com\/?page_id=1495\" class=\"project-pop-wrap\" target=\"_blank\" rel=\"nofollow\">\n\t\t\t\t\t\t\t<div class=\"project-pop\"><\/div>\n\t\t\t\t\t\t\t<div class=\"project-title-wrap\">\n\t\t\t\t\t\t\t\t<h3 class=\"project-title\">\n\t\t\t\t\t\t\t\t\t<span>TRAPPE BATTERIE<\/span>\n\t\t\t\t\t\t\t\t<\/h3>\n\t\t\t\t\t\t\t<\/div>\t\t\t\t\t\t\t\n\t\t\t\t\t\t<\/a>\n\t\t\t\t\t\t<a href=\"#\">\n\t\t\t\t\t\t\t\t\t\t\t\t\t\t<img decoding=\"async\" src=\"https:\/\/www.slotcartechno.com\/wp-content\/uploads\/2021\/02\/08-trappe.jpg\" alt=\"08-trappe\"\/>\n\t\t\t\t\t\t\t\t\t\t\t\t\t<\/a>\n\t\t\t\t\t<\/div>\n\t\t\t\t<\/div>\n\n\t\t\t\t\t\t\t\t                    \n\t\t\t\t<div class=\"project-item item isotope-item m\u00c9canique\">\n\t\t\t\t\t<div class=\"project-inner\">\n\t\t\t\t\t\t\n\t\t\t\t\t\t\n\t\t\t\t\t\t<a href=\"https:\/\/www.slotcartechno.com\/?page_id=1490\" class=\"project-pop-wrap\" target=\"_blank\" rel=\"nofollow\">\n\t\t\t\t\t\t\t<div class=\"project-pop\"><\/div>\n\t\t\t\t\t\t\t<div class=\"project-title-wrap\">\n\t\t\t\t\t\t\t\t<h3 class=\"project-title\">\n\t\t\t\t\t\t\t\t\t<span>AMORTISSEURS<\/span>\n\t\t\t\t\t\t\t\t<\/h3>\n\t\t\t\t\t\t\t<\/div>\t\t\t\t\t\t\t\n\t\t\t\t\t\t<\/a>\n\t\t\t\t\t\t<a href=\"#\">\n\t\t\t\t\t\t\t\t\t\t\t\t\t\t<img decoding=\"async\" src=\"https:\/\/www.slotcartechno.com\/wp-content\/uploads\/2021\/02\/09-amotisseurs.jpg\" alt=\"09-amotisseurs\"\/>\n\t\t\t\t\t\t\t\t\t\t\t\t\t<\/a>\n\t\t\t\t\t<\/div>\n\t\t\t\t<\/div>\n\n\t\t\t\t\t\t\t\t                    \n\t\t\t\t<div class=\"project-item item isotope-item m\u00c9canique\">\n\t\t\t\t\t<div class=\"project-inner\">\n\t\t\t\t\t\t\n\t\t\t\t\t\t\n\t\t\t\t\t\t<a href=\"https:\/\/www.slotcartechno.com\/?page_id=1500\" class=\"project-pop-wrap\" target=\"_blank\" rel=\"nofollow\">\n\t\t\t\t\t\t\t<div class=\"project-pop\"><\/div>\n\t\t\t\t\t\t\t<div class=\"project-title-wrap\">\n\t\t\t\t\t\t\t\t<h3 class=\"project-title\">\n\t\t\t\t\t\t\t\t\t<span>PIEDS CAOUTCHOUC<\/span>\n\t\t\t\t\t\t\t\t<\/h3>\n\t\t\t\t\t\t\t<\/div>\t\t\t\t\t\t\t\n\t\t\t\t\t\t<\/a>\n\t\t\t\t\t\t<a href=\"#\">\n\t\t\t\t\t\t\t\t\t\t\t\t\t\t<img decoding=\"async\" src=\"https:\/\/www.slotcartechno.com\/wp-content\/uploads\/2021\/02\/10-pieds.jpg\" alt=\"10-pieds\"\/>\n\t\t\t\t\t\t\t\t\t\t\t\t\t<\/a>\n\t\t\t\t\t<\/div>\n\t\t\t\t<\/div>\n\n\t\t\t\t\t\t\t\t\n\t\t\t\t<\/div>\n\t\t\t<\/div>\n\t\t<\/div>\n\n\t\t\t\t<\/div>\n\t\t\t\t<\/div>\n\t\t\t\t\t<\/div>\n\t\t<\/div>\n\t\t\t\t\t\t\t<\/div>\n\t\t<\/section>\n\t\t\t\t\t\t\t<\/div>\n\t\t","protected":false},"excerpt":{"rendered":"<p>LES ACCESSOIRES COMPL\u00c9TER, REMPLACER OU CUSTIMISER UNE S\u00c9LECTION DE PRODUITS ADAPT\u00c9S Pour vous assurer la disponibilit\u00e9 des pi\u00e8ces d\u00e9tach\u00e9es de nos bancs [&hellip;]<\/p>\n","protected":false},"author":1,"featured_media":0,"parent":13,"menu_order":0,"comment_status":"closed","ping_status":"closed","template":"elementor_header_footer","meta":{"footnotes":""},"class_list":["post-1450","page","type-page","status-publish","hentry"],"_links":{"self":[{"href":"https:\/\/www.slotcartechno.com\/index.php?rest_route=\/wp\/v2\/pages\/1450","targetHints":{"allow":["GET"]}}],"collection":[{"href":"https:\/\/www.slotcartechno.com\/index.php?rest_route=\/wp\/v2\/pages"}],"about":[{"href":"https:\/\/www.slotcartechno.com\/index.php?rest_route=\/wp\/v2\/types\/page"}],"author":[{"embeddable":true,"href":"https:\/\/www.slotcartechno.com\/index.php?rest_route=\/wp\/v2\/users\/1"}],"replies":[{"embeddable":true,"href":"https:\/\/www.slotcartechno.com\/index.php?rest_route=%2Fwp%2Fv2%2Fcomments&post=1450"}],"version-history":[{"count":3,"href":"https:\/\/www.slotcartechno.com\/index.php?rest_route=\/wp\/v2\/pages\/1450\/revisions"}],"predecessor-version":[{"id":1707,"href":"https:\/\/www.slotcartechno.com\/index.php?rest_route=\/wp\/v2\/pages\/1450\/revisions\/1707"}],"up":[{"embeddable":true,"href":"https:\/\/www.slotcartechno.com\/index.php?rest_route=\/wp\/v2\/pages\/13"}],"wp:attachment":[{"href":"https:\/\/www.slotcartechno.com\/index.php?rest_route=%2Fwp%2Fv2%2Fmedia&parent=1450"}],"curies":[{"name":"wp","href":"https:\/\/api.w.org\/{rel}","templated":true}]}}